{"id":1126,"date":"2024-11-17T21:10:22","date_gmt":"2024-11-17T21:10:22","guid":{"rendered":"https:\/\/at-stage.de\/?page_id=1126"},"modified":"2026-01-21T17:49:23","modified_gmt":"2026-01-21T17:49:23","slug":"zeitplan","status":"publish","type":"page","link":"https:\/\/at-stage.de\/?page_id=1126","title":{"rendered":"Zeitplan"},"content":{"rendered":"\t\t<div data-elementor-type=\"wp-page\" data-elementor-id=\"1126\" class=\"elementor elementor-1126\" data-elementor-post-type=\"page\">\n\t\t\t\t\t\t<section class=\"elementor-section elementor-top-section elementor-element elementor-element-6bbbf9d elementor-section-boxed elementor-section-height-default elementor-section-height-default\" data-id=\"6bbbf9d\" data-element_type=\"section\" data-e-type=\"section\" data-settings=\"{&quot;background_background&quot;:&quot;classic&quot;}\">\n\t\t\t\t\t\t<div class=\"elementor-container elementor-column-gap-default\">\n\t\t\t\t\t<div class=\"elementor-column elementor-col-100 elementor-top-column elementor-element elementor-element-0a923a7\" data-id=\"0a923a7\" data-element_type=\"column\" data-e-type=\"column\">\n\t\t\t<div class=\"elementor-widget-wrap\">\n\t\t\t\t\t\t\t<\/div>\n\t\t<\/div>\n\t\t\t\t\t<\/div>\n\t\t<\/section>\n\t\t\t\t<section class=\"elementor-section elementor-top-section elementor-element elementor-element-64f0b95 elementor-section-boxed elementor-section-height-default elementor-section-height-default\" data-id=\"64f0b95\" data-element_type=\"section\" data-e-type=\"section\" data-settings=\"{&quot;background_background&quot;:&quot;classic&quot;}\">\n\t\t\t\t\t\t<div class=\"elementor-container elementor-column-gap-default\">\n\t\t\t\t\t<div class=\"elementor-column elementor-col-100 elementor-top-column elementor-element elementor-element-4ff81a5\" data-id=\"4ff81a5\" data-element_type=\"column\" data-e-type=\"column\">\n\t\t\t<div class=\"elementor-widget-wrap elementor-element-populated\">\n\t\t\t\t\t\t<div class=\"elementor-element elementor-element-bc3f154 elementor-widget elementor-widget-image\" data-id=\"bc3f154\" data-element_type=\"widget\" data-e-type=\"widget\" data-widget_type=\"image.default\">\n\t\t\t\t<div class=\"elementor-widget-container\">\n\t\t\t\t\t\t\t\t\t\t\t\t\t\t\t<img fetchpriority=\"high\" decoding=\"async\" width=\"851\" height=\"150\" src=\"https:\/\/at-stage.de\/wp-content\/uploads\/2024\/12\/THM.png\" class=\"attachment-full size-full wp-image-1342\" alt=\"\" srcset=\"https:\/\/at-stage.de\/wp-content\/uploads\/2024\/12\/THM.png 851w, https:\/\/at-stage.de\/wp-content\/uploads\/2024\/12\/THM-300x53.png 300w, https:\/\/at-stage.de\/wp-content\/uploads\/2024\/12\/THM-768x135.png 768w\" sizes=\"100vw\" \/>\t\t\t\t\t\t\t\t\t\t\t\t\t\t\t<\/div>\n\t\t\t\t<\/div>\n\t\t\t\t\t<\/div>\n\t\t<\/div>\n\t\t\t\t\t<\/div>\n\t\t<\/section>\n\t\t\t\t<section class=\"elementor-section elementor-top-section elementor-element elementor-element-f95547b elementor-section-boxed elementor-section-height-default elementor-section-height-default\" data-id=\"f95547b\" data-element_type=\"section\" data-e-type=\"section\" data-settings=\"{&quot;background_background&quot;:&quot;classic&quot;}\">\n\t\t\t\t\t\t<div class=\"elementor-container elementor-column-gap-default\">\n\t\t\t\t\t<div class=\"elementor-column elementor-col-100 elementor-top-column elementor-element elementor-element-74b03f9\" data-id=\"74b03f9\" data-element_type=\"column\" data-e-type=\"column\">\n\t\t\t<div class=\"elementor-widget-wrap elementor-element-populated\">\n\t\t\t\t\t\t<div class=\"elementor-element elementor-element-3996c56 elementor-nav-menu__align-center elementor-nav-menu--dropdown-tablet elementor-nav-menu__text-align-aside elementor-nav-menu--toggle elementor-nav-menu--burger elementor-widget elementor-widget-nav-menu\" data-id=\"3996c56\" data-element_type=\"widget\" data-e-type=\"widget\" data-settings=\"{&quot;layout&quot;:&quot;horizontal&quot;,&quot;submenu_icon&quot;:{&quot;value&quot;:&quot;&lt;i class=\\&quot;fas fa-caret-down\\&quot; aria-hidden=\\&quot;true\\&quot;&gt;&lt;\\\/i&gt;&quot;,&quot;library&quot;:&quot;fa-solid&quot;},&quot;toggle&quot;:&quot;burger&quot;}\" data-widget_type=\"nav-menu.default\">\n\t\t\t\t<div class=\"elementor-widget-container\">\n\t\t\t\t\t\t\t\t<nav aria-label=\"Men\u00fc\" class=\"elementor-nav-menu--main elementor-nav-menu__container elementor-nav-menu--layout-horizontal e--pointer-background e--animation-fade\">\n\t\t\t\t<ul id=\"menu-1-3996c56\" class=\"elementor-nav-menu\"><li class=\"menu-item menu-item-type-custom menu-item-object-custom menu-item-1170\"><a href=\"https:\/\/www.traumhochzeitsmesse.de\" class=\"elementor-item\">START<\/a><\/li>\n<li class=\"menu-item menu-item-type-post_type menu-item-object-page menu-item-has-children menu-item-1015\"><a href=\"https:\/\/at-stage.de\/?page_id=984\" class=\"elementor-item\">AUSSTELLER<\/a>\n<ul class=\"sub-menu elementor-nav-menu--dropdown\">\n\t<li class=\"menu-item menu-item-type-custom menu-item-object-custom menu-item-1095\"><a href=\"https:\/\/at-stage.de\/?page_id=984\/#brautmode\" class=\"elementor-sub-item elementor-item-anchor\">BRAUTMODE &#038; HERRENSCHNEIDER<\/a><\/li>\n\t<li class=\"menu-item menu-item-type-custom menu-item-object-custom menu-item-1096\"><a href=\"https:\/\/at-stage.de\/?page_id=984\/#catering\" class=\"elementor-sub-item elementor-item-anchor\">CATERING<\/a><\/li>\n\t<li class=\"menu-item menu-item-type-custom menu-item-object-custom menu-item-1097\"><a href=\"https:\/\/at-stage.de\/?page_id=984\/#cocktails\" class=\"elementor-sub-item elementor-item-anchor\">COCKTAILS<\/a><\/li>\n\t<li class=\"menu-item menu-item-type-custom menu-item-object-custom menu-item-1098\"><a href=\"https:\/\/at-stage.de\/?page_id=984\/#DJ\" class=\"elementor-sub-item elementor-item-anchor\">DJ &#038; Eventtechnik<\/a><\/li>\n\t<li class=\"menu-item menu-item-type-custom menu-item-object-custom menu-item-1099\"><a href=\"https:\/\/at-stage.de\/?page_id=984\/#service\" class=\"elementor-sub-item elementor-item-anchor\">EVENTSERVICE<\/a><\/li>\n\t<li class=\"menu-item menu-item-type-custom menu-item-object-custom menu-item-1337\"><a href=\"https:\/\/at-stage.de\/?page_id=984\/#Finanzen\" class=\"elementor-sub-item elementor-item-anchor\">FINANZEN<\/a><\/li>\n\t<li class=\"menu-item menu-item-type-custom menu-item-object-custom menu-item-1100\"><a href=\"https:\/\/at-stage.de\/?page_id=984\/#Floristen\" class=\"elementor-sub-item elementor-item-anchor\">FLORISTIK &#038; DEKO<\/a><\/li>\n\t<li class=\"menu-item menu-item-type-custom menu-item-object-custom menu-item-1309\"><a href=\"https:\/\/at-stage.de\/?page_id=984\/#Fotografen\" class=\"elementor-sub-item elementor-item-anchor\">FOTOGRAFEN<\/a><\/li>\n\t<li class=\"menu-item menu-item-type-custom menu-item-object-custom menu-item-1101\"><a href=\"https:\/\/at-stage.de\/?page_id=984\/#frisoer\" class=\"elementor-sub-item elementor-item-anchor\">FRISEUR<\/a><\/li>\n\t<li class=\"menu-item menu-item-type-custom menu-item-object-custom menu-item-1103\"><a href=\"https:\/\/at-stage.de\/?page_id=984\/#makeup\" class=\"elementor-sub-item elementor-item-anchor\">MAKE UP<\/a><\/li>\n\t<li class=\"menu-item menu-item-type-custom menu-item-object-custom menu-item-1104\"><a href=\"https:\/\/at-stage.de\/?page_id=984\/#saenger\" class=\"elementor-sub-item elementor-item-anchor\">S\u00c4NGER\/IN<\/a><\/li>\n\t<li class=\"menu-item menu-item-type-custom menu-item-object-custom menu-item-1105\"><a href=\"https:\/\/at-stage.de\/?page_id=984\/#tanzen\" class=\"elementor-sub-item elementor-item-anchor\">TANZEN<\/a><\/li>\n\t<li class=\"menu-item menu-item-type-custom menu-item-object-custom menu-item-1102\"><a href=\"https:\/\/at-stage.de\/?page_id=984\/#trauringe\" class=\"elementor-sub-item elementor-item-anchor\">TRAURINGE<\/a><\/li>\n\t<li class=\"menu-item menu-item-type-custom menu-item-object-custom menu-item-1106\"><a href=\"https:\/\/at-stage.de\/?page_id=984\/#redner\" class=\"elementor-sub-item elementor-item-anchor\">TRAUREDNER\/IN<\/a><\/li>\n<\/ul>\n<\/li>\n<li class=\"menu-item menu-item-type-post_type menu-item-object-page menu-item-1267\"><a href=\"https:\/\/at-stage.de\/?page_id=1258\" class=\"elementor-item\">MESSEANGEBOTE<\/a><\/li>\n<li class=\"menu-item menu-item-type-post_type menu-item-object-page menu-item-1128\"><a href=\"https:\/\/at-stage.de\/?page_id=1126\" class=\"elementor-item\">ZEITPLAN<\/a><\/li>\n<li class=\"menu-item menu-item-type-custom menu-item-object-custom menu-item-1125\"><a href=\"https:\/\/at-stage.de\/?page_id=405\/#Kontakt\" class=\"elementor-item elementor-item-anchor\">KONTAKT<\/a><\/li>\n<li class=\"menu-item menu-item-type-post_type menu-item-object-page menu-item-1202\"><a href=\"https:\/\/at-stage.de\/?page_id=1196\" class=\"elementor-item\">LOGIN AUSSTELLER<\/a><\/li>\n<\/ul>\t\t\t<\/nav>\n\t\t\t\t\t<div class=\"elementor-menu-toggle\" role=\"button\" tabindex=\"0\" aria-label=\"Men\u00fc Umschalter\" aria-expanded=\"false\">\n\t\t\t<i aria-hidden=\"true\" role=\"presentation\" class=\"elementor-menu-toggle__icon--open eicon-menu-bar\"><\/i><i aria-hidden=\"true\" role=\"presentation\" class=\"elementor-menu-toggle__icon--close eicon-close\"><\/i>\t\t<\/div>\n\t\t\t\t\t<nav class=\"elementor-nav-menu--dropdown elementor-nav-menu__container\" aria-hidden=\"true\">\n\t\t\t\t<ul id=\"menu-2-3996c56\" class=\"elementor-nav-menu\"><li class=\"menu-item menu-item-type-custom menu-item-object-custom menu-item-1170\"><a href=\"https:\/\/www.traumhochzeitsmesse.de\" class=\"elementor-item\" tabindex=\"-1\">START<\/a><\/li>\n<li class=\"menu-item menu-item-type-post_type menu-item-object-page menu-item-has-children menu-item-1015\"><a href=\"https:\/\/at-stage.de\/?page_id=984\" class=\"elementor-item\" tabindex=\"-1\">AUSSTELLER<\/a>\n<ul class=\"sub-menu elementor-nav-menu--dropdown\">\n\t<li class=\"menu-item menu-item-type-custom menu-item-object-custom menu-item-1095\"><a href=\"https:\/\/at-stage.de\/?page_id=984\/#brautmode\" class=\"elementor-sub-item elementor-item-anchor\" tabindex=\"-1\">BRAUTMODE &#038; HERRENSCHNEIDER<\/a><\/li>\n\t<li class=\"menu-item menu-item-type-custom menu-item-object-custom menu-item-1096\"><a href=\"https:\/\/at-stage.de\/?page_id=984\/#catering\" class=\"elementor-sub-item elementor-item-anchor\" tabindex=\"-1\">CATERING<\/a><\/li>\n\t<li class=\"menu-item menu-item-type-custom menu-item-object-custom menu-item-1097\"><a href=\"https:\/\/at-stage.de\/?page_id=984\/#cocktails\" class=\"elementor-sub-item elementor-item-anchor\" tabindex=\"-1\">COCKTAILS<\/a><\/li>\n\t<li class=\"menu-item menu-item-type-custom menu-item-object-custom menu-item-1098\"><a href=\"https:\/\/at-stage.de\/?page_id=984\/#DJ\" class=\"elementor-sub-item elementor-item-anchor\" tabindex=\"-1\">DJ &#038; Eventtechnik<\/a><\/li>\n\t<li class=\"menu-item menu-item-type-custom menu-item-object-custom menu-item-1099\"><a href=\"https:\/\/at-stage.de\/?page_id=984\/#service\" class=\"elementor-sub-item elementor-item-anchor\" tabindex=\"-1\">EVENTSERVICE<\/a><\/li>\n\t<li class=\"menu-item menu-item-type-custom menu-item-object-custom menu-item-1337\"><a href=\"https:\/\/at-stage.de\/?page_id=984\/#Finanzen\" class=\"elementor-sub-item elementor-item-anchor\" tabindex=\"-1\">FINANZEN<\/a><\/li>\n\t<li class=\"menu-item menu-item-type-custom menu-item-object-custom menu-item-1100\"><a href=\"https:\/\/at-stage.de\/?page_id=984\/#Floristen\" class=\"elementor-sub-item elementor-item-anchor\" tabindex=\"-1\">FLORISTIK &#038; DEKO<\/a><\/li>\n\t<li class=\"menu-item menu-item-type-custom menu-item-object-custom menu-item-1309\"><a href=\"https:\/\/at-stage.de\/?page_id=984\/#Fotografen\" class=\"elementor-sub-item elementor-item-anchor\" tabindex=\"-1\">FOTOGRAFEN<\/a><\/li>\n\t<li class=\"menu-item menu-item-type-custom menu-item-object-custom menu-item-1101\"><a href=\"https:\/\/at-stage.de\/?page_id=984\/#frisoer\" class=\"elementor-sub-item elementor-item-anchor\" tabindex=\"-1\">FRISEUR<\/a><\/li>\n\t<li class=\"menu-item menu-item-type-custom menu-item-object-custom menu-item-1103\"><a href=\"https:\/\/at-stage.de\/?page_id=984\/#makeup\" class=\"elementor-sub-item elementor-item-anchor\" tabindex=\"-1\">MAKE UP<\/a><\/li>\n\t<li class=\"menu-item menu-item-type-custom menu-item-object-custom menu-item-1104\"><a href=\"https:\/\/at-stage.de\/?page_id=984\/#saenger\" class=\"elementor-sub-item elementor-item-anchor\" tabindex=\"-1\">S\u00c4NGER\/IN<\/a><\/li>\n\t<li class=\"menu-item menu-item-type-custom menu-item-object-custom menu-item-1105\"><a href=\"https:\/\/at-stage.de\/?page_id=984\/#tanzen\" class=\"elementor-sub-item elementor-item-anchor\" tabindex=\"-1\">TANZEN<\/a><\/li>\n\t<li class=\"menu-item menu-item-type-custom menu-item-object-custom menu-item-1102\"><a href=\"https:\/\/at-stage.de\/?page_id=984\/#trauringe\" class=\"elementor-sub-item elementor-item-anchor\" tabindex=\"-1\">TRAURINGE<\/a><\/li>\n\t<li class=\"menu-item menu-item-type-custom menu-item-object-custom menu-item-1106\"><a href=\"https:\/\/at-stage.de\/?page_id=984\/#redner\" class=\"elementor-sub-item elementor-item-anchor\" tabindex=\"-1\">TRAUREDNER\/IN<\/a><\/li>\n<\/ul>\n<\/li>\n<li class=\"menu-item menu-item-type-post_type menu-item-object-page menu-item-1267\"><a href=\"https:\/\/at-stage.de\/?page_id=1258\" class=\"elementor-item\" tabindex=\"-1\">MESSEANGEBOTE<\/a><\/li>\n<li class=\"menu-item menu-item-type-post_type menu-item-object-page menu-item-1128\"><a href=\"https:\/\/at-stage.de\/?page_id=1126\" class=\"elementor-item\" tabindex=\"-1\">ZEITPLAN<\/a><\/li>\n<li class=\"menu-item menu-item-type-custom menu-item-object-custom menu-item-1125\"><a href=\"https:\/\/at-stage.de\/?page_id=405\/#Kontakt\" class=\"elementor-item elementor-item-anchor\" tabindex=\"-1\">KONTAKT<\/a><\/li>\n<li class=\"menu-item menu-item-type-post_type menu-item-object-page menu-item-1202\"><a href=\"https:\/\/at-stage.de\/?page_id=1196\" class=\"elementor-item\" tabindex=\"-1\">LOGIN AUSSTELLER<\/a><\/li>\n<\/ul>\t\t\t<\/nav>\n\t\t\t\t\t\t<\/div>\n\t\t\t\t<\/div>\n\t\t\t\t\t<\/div>\n\t\t<\/div>\n\t\t\t\t\t<\/div>\n\t\t<\/section>\n\t\t\t\t<section class=\"elementor-section elementor-top-section elementor-element elementor-element-0380340 elementor-section-boxed elementor-section-height-default elementor-section-height-default\" data-id=\"0380340\" data-element_type=\"section\" data-e-type=\"section\" data-settings=\"{&quot;background_background&quot;:&quot;classic&quot;}\">\n\t\t\t\t\t\t<div class=\"elementor-container elementor-column-gap-default\">\n\t\t\t\t\t<div class=\"elementor-column elementor-col-100 elementor-top-column elementor-element elementor-element-79c0485\" data-id=\"79c0485\" data-element_type=\"column\" data-e-type=\"column\">\n\t\t\t<div class=\"elementor-widget-wrap elementor-element-populated\">\n\t\t\t\t\t\t<div class=\"elementor-element elementor-element-2f8286a elementor-widget elementor-widget-spacer\" data-id=\"2f8286a\" data-element_type=\"widget\" data-e-type=\"widget\" data-widget_type=\"spacer.default\">\n\t\t\t\t<div class=\"elementor-widget-container\">\n\t\t\t\t\t\t\t<div class=\"elementor-spacer\">\n\t\t\t<div class=\"elementor-spacer-inner\"><\/div>\n\t\t<\/div>\n\t\t\t\t\t\t<\/div>\n\t\t\t\t<\/div>\n\t\t\t\t\t<\/div>\n\t\t<\/div>\n\t\t\t\t\t<\/div>\n\t\t<\/section>\n\t\t\t\t<section class=\"elementor-section elementor-top-section elementor-element elementor-element-fa7defe elementor-section-boxed elementor-section-height-default elementor-section-height-default\" data-id=\"fa7defe\" data-element_type=\"section\" data-e-type=\"section\" data-settings=\"{&quot;background_background&quot;:&quot;classic&quot;}\">\n\t\t\t\t\t\t<div class=\"elementor-container elementor-column-gap-default\">\n\t\t\t\t\t<div class=\"elementor-column elementor-col-100 elementor-top-column elementor-element elementor-element-8ff6841\" data-id=\"8ff6841\" data-element_type=\"column\" data-e-type=\"column\">\n\t\t\t<div class=\"elementor-widget-wrap elementor-element-populated\">\n\t\t\t\t\t\t<div class=\"elementor-element elementor-element-2de6c0b elementor-widget elementor-widget-heading\" data-id=\"2de6c0b\" data-element_type=\"widget\" data-e-type=\"widget\" data-widget_type=\"heading.default\">\n\t\t\t\t<div class=\"elementor-widget-container\">\n\t\t\t\t\t<h1 class=\"elementor-heading-title elementor-size-default\">Zeitplan zu den Aktivit\u00e4ten:<\/h1>\t\t\t\t<\/div>\n\t\t\t\t<\/div>\n\t\t\t\t<div class=\"elementor-element elementor-element-e2887c8 elementor-widget-divider--view-line elementor-widget elementor-widget-divider\" data-id=\"e2887c8\" data-element_type=\"widget\" data-e-type=\"widget\" data-widget_type=\"divider.default\">\n\t\t\t\t<div class=\"elementor-widget-container\">\n\t\t\t\t\t\t\t<div class=\"elementor-divider\">\n\t\t\t<span class=\"elementor-divider-separator\">\n\t\t\t\t\t\t<\/span>\n\t\t<\/div>\n\t\t\t\t\t\t<\/div>\n\t\t\t\t<\/div>\n\t\t\t\t\t<\/div>\n\t\t<\/div>\n\t\t\t\t\t<\/div>\n\t\t<\/section>\n\t\t\t\t<section class=\"elementor-section elementor-top-section elementor-element elementor-element-b0bc92c elementor-section-boxed elementor-section-height-default elementor-section-height-default\" data-id=\"b0bc92c\" data-element_type=\"section\" data-e-type=\"section\" data-settings=\"{&quot;background_background&quot;:&quot;classic&quot;}\">\n\t\t\t\t\t\t<div class=\"elementor-container elementor-column-gap-default\">\n\t\t\t\t\t<div class=\"elementor-column elementor-col-100 elementor-top-column elementor-element elementor-element-f3b9aa5\" data-id=\"f3b9aa5\" data-element_type=\"column\" data-e-type=\"column\">\n\t\t\t<div class=\"elementor-widget-wrap elementor-element-populated\">\n\t\t\t\t\t\t<div class=\"elementor-element elementor-element-ac359b2 elementor-widget elementor-widget-text-editor\" data-id=\"ac359b2\" data-element_type=\"widget\" data-e-type=\"widget\" data-widget_type=\"text-editor.default\">\n\t\t\t\t<div class=\"elementor-widget-container\">\n\t\t\t\t\t\t\t\t\t<p><span style=\"text-decoration: underline;\">10.00 Uhr bis 16.00 Uhr ist die Hochzeitsmesse ge\u00f6ffnet.<\/span><\/p><p>11.00 Uhr Brautmodenschau auf der B\u00fchne<\/p><p>14.00 Uhr Braumodenschau auf der B\u00fchne<\/p>\t\t\t\t\t\t\t\t<\/div>\n\t\t\t\t<\/div>\n\t\t\t\t\t<\/div>\n\t\t<\/div>\n\t\t\t\t\t<\/div>\n\t\t<\/section>\n\t\t\t\t<section class=\"elementor-section elementor-top-section elementor-element elementor-element-f7e16c9 elementor-section-boxed elementor-section-height-default elementor-section-height-default\" data-id=\"f7e16c9\" data-element_type=\"section\" data-e-type=\"section\" data-settings=\"{&quot;background_background&quot;:&quot;classic&quot;}\">\n\t\t\t\t\t\t<div class=\"elementor-container elementor-column-gap-default\">\n\t\t\t\t\t<div class=\"elementor-column elementor-col-100 elementor-top-column elementor-element elementor-element-0834972\" data-id=\"0834972\" data-element_type=\"column\" data-e-type=\"column\">\n\t\t\t<div class=\"elementor-widget-wrap elementor-element-populated\">\n\t\t\t\t\t\t<div class=\"elementor-element elementor-element-8466b6f elementor-widget-divider--view-line elementor-widget elementor-widget-divider\" data-id=\"8466b6f\" data-element_type=\"widget\" data-e-type=\"widget\" data-widget_type=\"divider.default\">\n\t\t\t\t<div class=\"elementor-widget-container\">\n\t\t\t\t\t\t\t<div class=\"elementor-divider\">\n\t\t\t<span class=\"elementor-divider-separator\">\n\t\t\t\t\t\t<\/span>\n\t\t<\/div>\n\t\t\t\t\t\t<\/div>\n\t\t\t\t<\/div>\n\t\t\t\t\t<\/div>\n\t\t<\/div>\n\t\t\t\t\t<\/div>\n\t\t<\/section>\n\t\t\t\t<section class=\"elementor-section elementor-top-section elementor-element elementor-element-ecdf79b elementor-section-boxed elementor-section-height-default elementor-section-height-default\" data-id=\"ecdf79b\" data-element_type=\"section\" data-e-type=\"section\" data-settings=\"{&quot;background_background&quot;:&quot;classic&quot;}\">\n\t\t\t\t\t\t<div class=\"elementor-container elementor-column-gap-default\">\n\t\t\t\t\t<div class=\"elementor-column elementor-col-100 elementor-top-column elementor-element elementor-element-2f7946e\" data-id=\"2f7946e\" data-element_type=\"column\" data-e-type=\"column\">\n\t\t\t<div class=\"elementor-widget-wrap elementor-element-populated\">\n\t\t\t\t\t\t<div class=\"elementor-element elementor-element-9918a82 elementor-widget elementor-widget-spacer\" data-id=\"9918a82\" data-element_type=\"widget\" data-e-type=\"widget\" data-widget_type=\"spacer.default\">\n\t\t\t\t<div class=\"elementor-widget-container\">\n\t\t\t\t\t\t\t<div class=\"elementor-spacer\">\n\t\t\t<div class=\"elementor-spacer-inner\"><\/div>\n\t\t<\/div>\n\t\t\t\t\t\t<\/div>\n\t\t\t\t<\/div>\n\t\t\t\t\t<\/div>\n\t\t<\/div>\n\t\t\t\t\t<\/div>\n\t\t<\/section>\n\t\t\t\t<section class=\"elementor-section elementor-top-section elementor-element elementor-element-ba02031 elementor-section-boxed elementor-section-height-default elementor-section-height-default\" data-id=\"ba02031\" data-element_type=\"section\" data-e-type=\"section\" data-settings=\"{&quot;background_background&quot;:&quot;classic&quot;}\">\n\t\t\t\t\t\t<div class=\"elementor-container elementor-column-gap-default\">\n\t\t\t\t\t<div class=\"elementor-column elementor-col-100 elementor-top-column elementor-element elementor-element-dca486f\" data-id=\"dca486f\" data-element_type=\"column\" data-e-type=\"column\">\n\t\t\t<div class=\"elementor-widget-wrap elementor-element-populated\">\n\t\t\t\t\t\t<div class=\"elementor-element elementor-element-70ad0c2 elementor-nav-menu__align-center elementor-nav-menu--dropdown-tablet elementor-nav-menu__text-align-aside elementor-nav-menu--toggle elementor-nav-menu--burger elementor-widget elementor-widget-nav-menu\" data-id=\"70ad0c2\" data-element_type=\"widget\" data-e-type=\"widget\" data-settings=\"{&quot;layout&quot;:&quot;horizontal&quot;,&quot;submenu_icon&quot;:{&quot;value&quot;:&quot;&lt;i class=\\&quot;fas fa-caret-down\\&quot; aria-hidden=\\&quot;true\\&quot;&gt;&lt;\\\/i&gt;&quot;,&quot;library&quot;:&quot;fa-solid&quot;},&quot;toggle&quot;:&quot;burger&quot;}\" data-widget_type=\"nav-menu.default\">\n\t\t\t\t<div class=\"elementor-widget-container\">\n\t\t\t\t\t\t\t\t<nav aria-label=\"Men\u00fc\" class=\"elementor-nav-menu--main elementor-nav-menu__container elementor-nav-menu--layout-horizontal e--pointer-underline e--animation-fade\">\n\t\t\t\t<ul id=\"menu-1-70ad0c2\" class=\"elementor-nav-menu\"><li class=\"menu-item menu-item-type-post_type menu-item-object-page menu-item-234\"><a href=\"https:\/\/at-stage.de\/?page_id=229\" class=\"elementor-item\">IMPRESSUM<\/a><\/li>\n<li class=\"menu-item menu-item-type-post_type menu-item-object-page menu-item-257\"><a href=\"https:\/\/at-stage.de\/?page_id=243\" class=\"elementor-item\">DATENSCHUTZERKL\u00c4RUNG<\/a><\/li>\n<\/ul>\t\t\t<\/nav>\n\t\t\t\t\t<div class=\"elementor-menu-toggle\" role=\"button\" tabindex=\"0\" aria-label=\"Men\u00fc Umschalter\" aria-expanded=\"false\">\n\t\t\t<i aria-hidden=\"true\" role=\"presentation\" class=\"elementor-menu-toggle__icon--open eicon-menu-bar\"><\/i><i aria-hidden=\"true\" role=\"presentation\" class=\"elementor-menu-toggle__icon--close eicon-close\"><\/i>\t\t<\/div>\n\t\t\t\t\t<nav class=\"elementor-nav-menu--dropdown elementor-nav-menu__container\" aria-hidden=\"true\">\n\t\t\t\t<ul id=\"menu-2-70ad0c2\" class=\"elementor-nav-menu\"><li class=\"menu-item menu-item-type-post_type menu-item-object-page menu-item-234\"><a href=\"https:\/\/at-stage.de\/?page_id=229\" class=\"elementor-item\" tabindex=\"-1\">IMPRESSUM<\/a><\/li>\n<li class=\"menu-item menu-item-type-post_type menu-item-object-page menu-item-257\"><a href=\"https:\/\/at-stage.de\/?page_id=243\" class=\"elementor-item\" tabindex=\"-1\">DATENSCHUTZERKL\u00c4RUNG<\/a><\/li>\n<\/ul>\t\t\t<\/nav>\n\t\t\t\t\t\t<\/div>\n\t\t\t\t<\/div>\n\t\t\t\t<div class=\"elementor-element elementor-element-d1b8f0f elementor-widget elementor-widget-text-editor\" data-id=\"d1b8f0f\" data-element_type=\"widget\" data-e-type=\"widget\" data-widget_type=\"text-editor.default\">\n\t\t\t\t<div class=\"elementor-widget-container\">\n\t\t\t\t\t\t\t\t\t<p>COPYRIGHT \u00a9 2026 <a href=\"mailto: patrick@pattke.de\">PATRICK PATTKE<\/a><br \/>ALLE RECHTE VORBEHALTEN.<\/p>\t\t\t\t\t\t\t\t<\/div>\n\t\t\t\t<\/div>\n\t\t\t\t\t<\/div>\n\t\t<\/div>\n\t\t\t\t\t<\/div>\n\t\t<\/section>\n\t\t\t\t<\/div>\n\t\t","protected":false},"excerpt":{"rendered":"<p>Zeitplan zu den Aktivit\u00e4ten: 10.00 Uhr bis 16.00 Uhr ist die Hochzeitsmesse ge\u00f6ffnet. 11.00 Uhr Brautmodenschau auf der B\u00fchne 14.00 Uhr Braumodenschau auf der B\u00fchne COPYRIGHT \u00a9 2026 PATRICK PATTKEALLE RECHTE VORBEHALTEN.<\/p>\n","protected":false},"author":1,"featured_media":0,"parent":0,"menu_order":0,"comment_status":"closed","ping_status":"closed","template":"elementor_canvas","meta":{"footnotes":""},"class_list":["post-1126","page","type-page","status-publish","hentry"],"_links":{"self":[{"href":"https:\/\/at-stage.de\/index.php?rest_route=\/wp\/v2\/pages\/1126","targetHints":{"allow":["GET"]}}],"collection":[{"href":"https:\/\/at-stage.de\/index.php?rest_route=\/wp\/v2\/pages"}],"about":[{"href":"https:\/\/at-stage.de\/index.php?rest_route=\/wp\/v2\/types\/page"}],"author":[{"embeddable":true,"href":"https:\/\/at-stage.de\/index.php?rest_route=\/wp\/v2\/users\/1"}],"replies":[{"embeddable":true,"href":"https:\/\/at-stage.de\/index.php?rest_route=%2Fwp%2Fv2%2Fcomments&post=1126"}],"version-history":[{"count":19,"href":"https:\/\/at-stage.de\/index.php?rest_route=\/wp\/v2\/pages\/1126\/revisions"}],"predecessor-version":[{"id":1443,"href":"https:\/\/at-stage.de\/index.php?rest_route=\/wp\/v2\/pages\/1126\/revisions\/1443"}],"wp:attachment":[{"href":"https:\/\/at-stage.de\/index.php?rest_route=%2Fwp%2Fv2%2Fmedia&parent=1126"}],"curies":[{"name":"wp","href":"https:\/\/api.w.org\/{rel}","templated":true}]}}