{"id":229,"date":"2022-03-24T19:36:53","date_gmt":"2022-03-24T19:36:53","guid":{"rendered":"https:\/\/at-stage.de\/?page_id=229"},"modified":"2023-12-02T09:57:04","modified_gmt":"2023-12-02T09:57:04","slug":"impressum","status":"publish","type":"page","link":"https:\/\/at-stage.de\/?page_id=229","title":{"rendered":"IMPRESSUM"},"content":{"rendered":"\t\t<div data-elementor-type=\"wp-page\" data-elementor-id=\"229\" class=\"elementor elementor-229\" data-elementor-post-type=\"page\">\n\t\t\t\t\t\t<section class=\"elementor-section elementor-top-section elementor-element elementor-element-5288820 elementor-section-boxed elementor-section-height-default elementor-section-height-default\" data-id=\"5288820\" data-element_type=\"section\" data-e-type=\"section\">\n\t\t\t\t\t\t<div class=\"elementor-container elementor-column-gap-default\">\n\t\t\t\t\t<div class=\"elementor-column elementor-col-100 elementor-top-column elementor-element elementor-element-89d9ddc\" data-id=\"89d9ddc\" data-element_type=\"column\" data-e-type=\"column\">\n\t\t\t<div class=\"elementor-widget-wrap elementor-element-populated\">\n\t\t\t\t\t\t<div class=\"elementor-element elementor-element-7c34ac7 elementor-widget elementor-widget-heading\" data-id=\"7c34ac7\" data-element_type=\"widget\" data-e-type=\"widget\" data-widget_type=\"heading.default\">\n\t\t\t\t<div class=\"elementor-widget-container\">\n\t\t\t\t\t<h2 class=\"elementor-heading-title elementor-size-default\">IMPRESSUM<\/h2>\t\t\t\t<\/div>\n\t\t\t\t<\/div>\n\t\t\t\t\t<\/div>\n\t\t<\/div>\n\t\t\t\t\t<\/div>\n\t\t<\/section>\n\t\t\t\t<section class=\"elementor-section elementor-top-section elementor-element elementor-element-2035e53 elementor-section-boxed elementor-section-height-default elementor-section-height-default\" data-id=\"2035e53\" data-element_type=\"section\" data-e-type=\"section\">\n\t\t\t\t\t\t<div class=\"elementor-container elementor-column-gap-default\">\n\t\t\t\t\t<div class=\"elementor-column elementor-col-100 elementor-top-column elementor-element elementor-element-ff05f6e\" data-id=\"ff05f6e\" data-element_type=\"column\" data-e-type=\"column\">\n\t\t\t<div class=\"elementor-widget-wrap elementor-element-populated\">\n\t\t\t\t\t\t<div class=\"elementor-element elementor-element-11a4c96 elementor-widget elementor-widget-text-editor\" data-id=\"11a4c96\" data-element_type=\"widget\" data-e-type=\"widget\" data-widget_type=\"text-editor.default\">\n\t\t\t\t<div class=\"elementor-widget-container\">\n\t\t\t\t\t\t\t\t\t<section class=\"ob-is-breaking-bad elementor-section elementor-top-section elementor-element elementor-element-3a0d2259 elementor-section-boxed elementor-section-height-default elementor-section-height-default jet-parallax-section\" data-id=\"3a0d2259\" data-element_type=\"section\" data-settings=\"{&quot;jet_parallax_layout_list&quot;:[{&quot;jet_parallax_layout_image&quot;:{&quot;url&quot;:&quot;&quot;,&quot;id&quot;:&quot;&quot;},&quot;_id&quot;:&quot;ad22642&quot;,&quot;jet_parallax_layout_image_tablet&quot;:{&quot;url&quot;:&quot;&quot;,&quot;id&quot;:&quot;&quot;},&quot;jet_parallax_layout_image_mobile&quot;:{&quot;url&quot;:&quot;&quot;,&quot;id&quot;:&quot;&quot;},&quot;jet_parallax_layout_speed&quot;:{&quot;unit&quot;:&quot;%&quot;,&quot;size&quot;:50,&quot;sizes&quot;:[]},&quot;jet_parallax_layout_type&quot;:&quot;scroll&quot;,&quot;jet_parallax_layout_direction&quot;:null,&quot;jet_parallax_layout_fx_direction&quot;:null,&quot;jet_parallax_layout_z_index&quot;:&quot;&quot;,&quot;jet_parallax_layout_bg_x&quot;:50,&quot;jet_parallax_layout_bg_x_tablet&quot;:&quot;&quot;,&quot;jet_parallax_layout_bg_x_mobile&quot;:&quot;&quot;,&quot;jet_parallax_layout_bg_y&quot;:50,&quot;jet_parallax_layout_bg_y_tablet&quot;:&quot;&quot;,&quot;jet_parallax_layout_bg_y_mobile&quot;:&quot;&quot;,&quot;jet_parallax_layout_bg_size&quot;:&quot;auto&quot;,&quot;jet_parallax_layout_bg_size_tablet&quot;:&quot;&quot;,&quot;jet_parallax_layout_bg_size_mobile&quot;:&quot;&quot;,&quot;jet_parallax_layout_animation_prop&quot;:&quot;transform&quot;,&quot;jet_parallax_layout_on&quot;:[&quot;desktop&quot;,&quot;tablet&quot;]}],&quot;_ob_bbad_use_it&quot;:&quot;yes&quot;,&quot;_ob_bbad_sssic_use&quot;:&quot;no&quot;,&quot;_ob_glider_is_slider&quot;:&quot;no&quot;}\"><div class=\"elementor-container elementor-column-gap-default\"><div class=\"elementor-column elementor-col-100 elementor-top-column elementor-element elementor-element-2ee4362f ob-is-e3\" data-id=\"2ee4362f\" data-element_type=\"column\" data-settings=\"{&quot;_ob_bbad_is_stalker&quot;:&quot;no&quot;,&quot;_ob_teleporter_use&quot;:false,&quot;_ob_column_hoveranimator&quot;:&quot;no&quot;,&quot;_ob_column_has_pseudo&quot;:&quot;no&quot;}\"><div class=\"elementor-widget-wrap elementor-element-populated\"><div class=\"elementor-element elementor-element-579a5c9a ob-harakiri-inherit ob-has-background-overlay elementor-widget elementor-widget-text-editor is-mac\" data-id=\"579a5c9a\" data-element_type=\"widget\" data-settings=\"{&quot;_ob_harakiri_writing_mode&quot;:&quot;inherit&quot;,&quot;_ob_perspektive_use&quot;:&quot;no&quot;,&quot;_ob_poopart_use&quot;:&quot;yes&quot;,&quot;_ob_shadough_use&quot;:&quot;no&quot;,&quot;_ob_allow_hoveranimator&quot;:&quot;no&quot;,&quot;_ob_widget_stalker_use&quot;:&quot;no&quot;}\" data-widget_type=\"text-editor.default\"><div class=\"elementor-widget-container\"><div>AT-STAGE<b> EVENT<\/b><\/div><p>Inhaber Niklas H\u00f6ltgebaum<br \/><span class=\"font-size-16 lh-1\">\u00a0<\/span><br \/><span class=\"font-size-16 lh-1\">Am Buchenbrink 18<br \/>31061 Alfeld (Leine)<\/span><br \/><span class=\"font-size-16 lh-1\">\u00a0<\/span><br \/><span class=\"font-size-16 lh-1\">Telefon 0157 35742431<br \/>E-Mail <a href=\"mailto:info@at-stage.de\">info@at-stage.de<\/a><\/span><\/p><p><span class=\"lh-1 font-size-14\">Steuer-Nr. 11\/118\/03894<br \/>Finanzamt: Hildesheim<\/span><\/p><div><p>\u00a0<\/p><p><strong>Website-Erstellung<\/strong><\/p><p>Das Webdesign, die Programmierung und die Entwicklung sowie die Suchmaschinenoptimierung wurde von Patrick Pattke, Tanzstudio Pattke aus Alfeld (Leine) durchgef\u00fchrt. Webmaster: <a href=\"mailto:patrick@pattke.de\">patrick@pattke.de<\/a><\/p><p><b>Haftungsausschluss<\/b><\/p><\/div><div>Der Inhalt dieser Seite wird sorgf\u00e4ltig gepr\u00fcft und st\u00e4ndig aktualisiert. Irrt\u00fcmer behalten wir uns vor. Eine Garantie f\u00fcr die Vollst\u00e4ndigkeit, Richtigkeit und letzte Aktualit\u00e4t des Inhaltes dieser Seiten kann dennoch nicht \u00fcbernommen werden. Die Betreiber dieser Seite k\u00f6nnen daher nicht f\u00fcr Sch\u00e4den, mittelbare Sch\u00e4den oder Mangelfolgesch\u00e4den haftbar gemacht werden, die in Zusammenhang mit der Verwendung der Inhalte dieser Seiten stehen. Dies gilt dar\u00fcber hinaus f\u00fcr alle externen Websites, die auf diesen Seiten verlinkt sind. Wir haften nicht f\u00fcr den Inhalt dieser externen Websites. Alle Angebote sind frei und unverbindlich. Wir behalten es uns ausdr\u00fccklich vor, Teile der Seite oder das gesamte Angebot ohne gesonderte Ank\u00fcndigung zu ver\u00e4ndern, zu erg\u00e4nzen, zu l\u00f6schen oder die Ver\u00f6ffentlichung zeitweise oder endg\u00fcltig einzustellen.<\/div><div>\u00a0<\/div><p><span class=\"font-size-16 lh-1\"><b>Links<\/b><\/span><\/p><div>Wir \u00fcbernehmen weiterhin keine Verantwortung f\u00fcr den Inhalt fremder Internetangebote, auch wenn diese direkt oder indirekt durch Links mit unseren Seiten verbunden sind und distanzieren uns ausdr\u00fccklich davon. Dies gilt auch, wenn sich verlinkte Seiten nach der Linksetzung ver\u00e4ndert haben. Namentlich gekennzeichnete Beitr\u00e4ge und Anzeigen fremder Internet-Inhalte geben nicht automatisch die Auffassung der Betreiber dieser Seite wider. Diese Distanzierung gilt auch f\u00fcr alle Inhalte in von uns eingerichteten G\u00e4steb\u00fcchern, Foren und Mailinglisten.<\/div><div>\u00a0<\/div><div><span class=\"font-size-16 lh-1\"><b>Copyright<\/b><\/span><\/div><div>\u00a0<\/div><div>Alle Rechte vorbehalten. Inhalt (Quelltexte, Texte, Grafiken, Bilder) und Struktur dieser Website unterliegen dem Urheberrecht und anderen Gesetzen zum Schutz geistigen Eigentums. Die Verbreitung oder Ver\u00e4nderung des Inhalts dieser Seiten ist nur mit unserer schriftlichen Zustimmung gestattet. Des Weiteren darf er weder zu kommerziellen Zwecken kopiert noch Dritten zug\u00e4nglich gemacht werden. Dem Urheberrecht unterliegen auch die Bilder, die uns von Dritten zur Verf\u00fcgung gestellt wurden.<\/div><div>\u00a0<\/div><p><span class=\"font-size-16 lh-1\"><b>Datenschutz<\/b><\/span><\/p><div>Wenn Sie auf unserer Website um die Eingabe Ihrer pers\u00f6nlichen Daten gebeten werden, werden diese nur insofern gespeichert und verarbeitet, soweit dies f\u00fcr die Betreuung und der Zusendung der von Ihnen gew\u00fcnschten Informationen notwendig ist. Wir sichern zu, dass Ihre Angaben entsprechend den geltenden datenschutzrechtlichen Bestimmungen vertraulich behandelt werden. Weiterhin werden die im Internet \u00fcblichen Logfiles erstellt, in denen IP, Datum, Uhrzeit, Browser, aufgerufene Seite u.\u00e4. gespeichert sind. Die gespeicherten Daten dienen uns zur Optimierung unseres Internetauftritts und werden ebenfalls nicht an Dritte weitergegeben.<\/div><div>\u00a0<\/div><div><span class=\"font-size-16 lh-1\"><b>Nutzung von Google Analytics<\/b><\/span><\/div><div>\u00a0<\/div><div>Diese Website benutzt Google Analytics, einen Webanalysedienst der Google Inc. (\u201eGoogle\u201c). Google Analytics verwendet sog. \u201eCookies\u201c, Textdateien, die auf Ihrem Computer gespeichert werden und die eine Analyse der Benutzung der Website durch Sie erm\u00f6glichen. Die durch den Cookie erzeugten Informationen \u00fcber Ihre Benutzung dieser Website werden in der Regel an einen Server von Google in den USA \u00fcbertragen und dort gespeichert. Im Falle der Aktivierung der IP-Anonymisierung auf dieser Webseite, wird Ihre IP-Adresse von Google jedoch innerhalb von Mitgliedstaaten der Europ\u00e4ischen Union oder in anderen Vertragsstaaten des Abkommens \u00fcber den Europ\u00e4ischen Wirtschaftsraum zuvor gek\u00fcrzt. Nur in Ausnahmef\u00e4llen wird die volle IP-Adresse an einen Server von Google in den USA \u00fcbertragen und dort gek\u00fcrzt. Im Auftrag des Betreibers dieser Website wird Google diese Informationen benutzen, um Ihre Nutzung der Website auszuwerten, um Reports \u00fcber die Websiteaktivit\u00e4ten zusammenzustellen und um weitere mit der Websitenutzung und der Internetnutzung verbundene Dienstleistungen gegen\u00fcber dem Websitebetreiber zu erbringen. Die im Rahmen von Google Analytics von Ihrem Browser \u00fcbermittelte IP-Adresse wird nicht mit anderen Daten von Google zusammengef\u00fchrt. Sie k\u00f6nnen die Speicherung der Cookies durch eine entsprechende Einstellung Ihrer Browser-Software verhindern; wir weisen Sie jedoch darauf hin, dass Sie in diesem Fall gegebenenfalls nicht s\u00e4mtliche Funktionen dieser Website vollumf\u00e4nglich werden nutzen k\u00f6nnen. Sie k\u00f6nnen dar\u00fcber hinaus die Erfassung der durch das Cookie erzeugten und auf Ihre Nutzung der Website bezogenen Daten (inkl. Ihrer IP-Adresse) an Google sowie die Verarbeitung dieser Daten durch Google verhindern, indem sie das unter dem folgenden Link verf\u00fcgbare Browser-Plugin herunterladen und installieren.\u00a0http:\/\/tools.google.com\/dlpage\/gaoptout?hl=de<\/div><div>\u00a0<\/div><div><span class=\"font-size-16 lh-1\"><b>Marken<\/b><\/span><\/div><div>\u00a0<\/div><div>Alle innerhalb des Internetangebotes genannten und ggf. durch Dritte gesch\u00fctzten Marken- und Warenzeichen unterliegen uneingeschr\u00e4nkt den Bestimmungen des jeweils g\u00fcltigen Kennzeichenrechts und den Besitzrechten der jeweiligen eingetragenen Eigent\u00fcmer. Allein aufgrund der blo\u00dfen Nennung ist nicht der Schlu\u00df zu ziehen, da\u00df Markenzeichen nicht durch Rechte Dritter gesch\u00fctzt sind!<\/div><div>\u00a0<\/div><div><span class=\"font-size-16 lh-1\"><b>Rechteverletzungen und Abmahnungen<\/b><\/span><\/div><div>\u00a0<\/div><p><span class=\"font-size-16 lh-1\">Sollte der Inhalt oder die Aufmachung dieser Seiten fremde Rechte Dritter oder gesetzliche Bestimmungen verletzen, so bitten wir um eine entsprechende Nachricht ohne Kostennote. Die Beseitigung einer m\u00f6glicherweise von diesen Seiten ausgehenden Schutzrecht-Verletzung durch Schutzrecht-InhaberInnen selbst darf nicht ohne unsere Zustimmung stattfinden.<\/span><\/p><div>Wir garantieren, dass die zu Recht beanstandeten Passagen unverz\u00fcglich entfernt werden, ohne dass von Ihrer Seite die Einschaltung eines Rechtsbeistandes erforderlich ist. Dennoch von Ihnen ohne vorherige Kontaktaufnahme ausgel\u00f6ste Kosten werden wir vollumf\u00e4nglich zur\u00fcckweisen und gegebenenfalls Gegenklage wegen Verletzung vorgenannter Bestimmungen einreichen. Vielen Dank f\u00fcr Ihr Verst\u00e4ndnis.<\/div><div>\u00a0<\/div><p><span class=\"font-size-16 lh-1\"><b>Rechtswirksamkeit<\/b><\/span><\/p><p><span class=\"font-size-16 lh-1\">Dieser Haftungsausschluss ist als Teil unseres Internetangebotes zu betrachten. Sofern Teile oder einzelne Formulierungen dieses Textes der geltenden Rechtslage nicht, nicht mehr oder nicht vollst\u00e4ndig entsprechen sollten, bleiben die \u00fcbrigen Teile des Dokumentes in ihrem Inhalt und ihrer G\u00fcltigkeit davon unber\u00fchrt.<\/span><\/p><\/div><\/div><\/div><\/div><\/div><\/section><section class=\"ob-is-breaking-bad elementor-section elementor-top-section elementor-element elementor-element-c724937 elementor-section-boxed elementor-section-height-default elementor-section-height-default jet-parallax-section\" data-id=\"c724937\" data-element_type=\"section\" data-settings=\"{&quot;jet_parallax_layout_list&quot;:[{&quot;jet_parallax_layout_image&quot;:{&quot;url&quot;:&quot;&quot;,&quot;id&quot;:&quot;&quot;},&quot;_id&quot;:&quot;b5ab4f5&quot;,&quot;jet_parallax_layout_image_tablet&quot;:{&quot;url&quot;:&quot;&quot;,&quot;id&quot;:&quot;&quot;},&quot;jet_parallax_layout_image_mobile&quot;:{&quot;url&quot;:&quot;&quot;,&quot;id&quot;:&quot;&quot;},&quot;jet_parallax_layout_speed&quot;:{&quot;unit&quot;:&quot;%&quot;,&quot;size&quot;:50,&quot;sizes&quot;:[]},&quot;jet_parallax_layout_type&quot;:&quot;scroll&quot;,&quot;jet_parallax_layout_direction&quot;:null,&quot;jet_parallax_layout_fx_direction&quot;:null,&quot;jet_parallax_layout_z_index&quot;:&quot;&quot;,&quot;jet_parallax_layout_bg_x&quot;:50,&quot;jet_parallax_layout_bg_x_tablet&quot;:&quot;&quot;,&quot;jet_parallax_layout_bg_x_mobile&quot;:&quot;&quot;,&quot;jet_parallax_layout_bg_y&quot;:50,&quot;jet_parallax_layout_bg_y_tablet&quot;:&quot;&quot;,&quot;jet_parallax_layout_bg_y_mobile&quot;:&quot;&quot;,&quot;jet_parallax_layout_bg_size&quot;:&quot;auto&quot;,&quot;jet_parallax_layout_bg_size_tablet&quot;:&quot;&quot;,&quot;jet_parallax_layout_bg_size_mobile&quot;:&quot;&quot;,&quot;jet_parallax_layout_animation_prop&quot;:&quot;transform&quot;,&quot;jet_parallax_layout_on&quot;:[&quot;desktop&quot;,&quot;tablet&quot;]}],&quot;background_background&quot;:&quot;gradient&quot;,&quot;_ob_bbad_use_it&quot;:&quot;yes&quot;,&quot;_ob_bbad_sssic_use&quot;:&quot;no&quot;,&quot;_ob_glider_is_slider&quot;:&quot;no&quot;}\"><div class=\"elementor-container elementor-column-gap-default\"><div class=\"elementor-column elementor-col-100 elementor-top-column elementor-element elementor-element-db96a77 ob-is-e3\" data-id=\"db96a77\" data-element_type=\"column\" data-settings=\"{&quot;_ob_bbad_is_stalker&quot;:&quot;no&quot;,&quot;_ob_teleporter_use&quot;:false,&quot;_ob_column_hoveranimator&quot;:&quot;no&quot;,&quot;_ob_column_has_pseudo&quot;:&quot;no&quot;}\"><div class=\"elementor-widget-wrap elementor-element-populated\"><div class=\"elementor-element elementor-element-5fb0de8 ob-harakiri-inherit ob-has-background-overlay elementor-widget elementor-widget-text-editor is-mac\" data-id=\"5fb0de8\" data-element_type=\"widget\" data-settings=\"{&quot;_ob_harakiri_writing_mode&quot;:&quot;inherit&quot;,&quot;_ob_perspektive_use&quot;:&quot;no&quot;,&quot;_ob_poopart_use&quot;:&quot;yes&quot;,&quot;_ob_shadough_use&quot;:&quot;no&quot;,&quot;_ob_allow_hoveranimator&quot;:&quot;no&quot;,&quot;_ob_widget_stalker_use&quot;:&quot;no&quot;}\" data-widget_type=\"text-editor.default\"><div class=\"elementor-widget-container\"><strong>Website-Erstellung<\/strong><\/div><div class=\"elementor-widget-container\">\u00a0<\/div><div class=\"elementor-widget-container\">Das Webdesign, die Programmierung und die Entwicklung sowie die Suchmaschinenoptimierung wurde von Patrick Pattke, Tanzstudio Pattke aus Alfeld (Leine) durchgef\u00fchrt.<\/div><\/div><\/div><\/div><\/div><\/section>\t\t\t\t\t\t\t\t<\/div>\n\t\t\t\t<\/div>\n\t\t\t\t\t<\/div>\n\t\t<\/div>\n\t\t\t\t\t<\/div>\n\t\t<\/section>\n\t\t\t\t<\/div>\n\t\t","protected":false},"excerpt":{"rendered":"<p>IMPRESSUM AT-STAGE EVENT Inhaber Niklas H\u00f6ltgebaum\u00a0Am Buchenbrink 1831061 Alfeld (Leine)\u00a0Telefon 0157 35742431E-Mail info@at-stage.de Steuer-Nr. 11\/118\/03894Finanzamt: Hildesheim \u00a0 Website-Erstellung Das Webdesign, die Programmierung und die Entwicklung sowie die Suchmaschinenoptimierung wurde von Patrick Pattke, Tanzstudio Pattke aus Alfeld (Leine) durchgef\u00fchrt. Webmaster: patrick@pattke.de Haftungsausschluss Der Inhalt dieser Seite wird sorgf\u00e4ltig gepr\u00fcft und st\u00e4ndig aktualisiert. Irrt\u00fcmer behalten wir uns &hellip; <\/p>\n<p class=\"link-more\"><a href=\"https:\/\/at-stage.de\/?page_id=229\" class=\"more-link\"><span class=\"screen-reader-text\">\u201eIMPRESSUM\u201c <\/span>weiterlesen<\/a><\/p>\n","protected":false},"author":1,"featured_media":0,"parent":70,"menu_order":0,"comment_status":"closed","ping_status":"closed","template":"elementor_canvas","meta":{"footnotes":""},"class_list":["post-229","page","type-page","status-publish","hentry"],"_links":{"self":[{"href":"https:\/\/at-stage.de\/index.php?rest_route=\/wp\/v2\/pages\/229","targetHints":{"allow":["GET"]}}],"collection":[{"href":"https:\/\/at-stage.de\/index.php?rest_route=\/wp\/v2\/pages"}],"about":[{"href":"https:\/\/at-stage.de\/index.php?rest_route=\/wp\/v2\/types\/page"}],"author":[{"embeddable":true,"href":"https:\/\/at-stage.de\/index.php?rest_route=\/wp\/v2\/users\/1"}],"replies":[{"embeddable":true,"href":"https:\/\/at-stage.de\/index.php?rest_route=%2Fwp%2Fv2%2Fcomments&post=229"}],"version-history":[{"count":27,"href":"https:\/\/at-stage.de\/index.php?rest_route=\/wp\/v2\/pages\/229\/revisions"}],"predecessor-version":[{"id":788,"href":"https:\/\/at-stage.de\/index.php?rest_route=\/wp\/v2\/pages\/229\/revisions\/788"}],"up":[{"embeddable":true,"href":"https:\/\/at-stage.de\/index.php?rest_route=\/wp\/v2\/pages\/70"}],"wp:attachment":[{"href":"https:\/\/at-stage.de\/index.php?rest_route=%2Fwp%2Fv2%2Fmedia&parent=229"}],"curies":[{"name":"wp","href":"https:\/\/api.w.org\/{rel}","templated":true}]}}