{"id":243,"date":"2022-03-24T19:50:31","date_gmt":"2022-03-24T19:50:31","guid":{"rendered":"https:\/\/at-stage.de\/?page_id=243"},"modified":"2022-03-24T19:53:53","modified_gmt":"2022-03-24T19:53:53","slug":"datenschutzerklaerung","status":"publish","type":"page","link":"https:\/\/at-stage.de\/?page_id=243","title":{"rendered":"DATENSCHUTZERKL\u00c4RUNG"},"content":{"rendered":"\t\t<div data-elementor-type=\"wp-page\" data-elementor-id=\"243\" class=\"elementor elementor-243\" data-elementor-post-type=\"page\">\n\t\t\t\t\t\t<section class=\"elementor-section elementor-top-section elementor-element elementor-element-40793e3 elementor-section-boxed elementor-section-height-default elementor-section-height-default\" data-id=\"40793e3\" data-element_type=\"section\" data-e-type=\"section\">\n\t\t\t\t\t\t<div class=\"elementor-container elementor-column-gap-default\">\n\t\t\t\t\t<div class=\"elementor-column elementor-col-100 elementor-top-column elementor-element elementor-element-b464f17\" data-id=\"b464f17\" data-element_type=\"column\" data-e-type=\"column\">\n\t\t\t<div class=\"elementor-widget-wrap elementor-element-populated\">\n\t\t\t\t\t\t<div class=\"elementor-element elementor-element-3d3ca12 elementor-widget elementor-widget-heading\" data-id=\"3d3ca12\" data-element_type=\"widget\" data-e-type=\"widget\" data-widget_type=\"heading.default\">\n\t\t\t\t<div class=\"elementor-widget-container\">\n\t\t\t\t\t<h2 class=\"elementor-heading-title elementor-size-default\">DATENSCHUTZERKL\u00c4RUNG<\/h2>\t\t\t\t<\/div>\n\t\t\t\t<\/div>\n\t\t\t\t\t<\/div>\n\t\t<\/div>\n\t\t\t\t\t<\/div>\n\t\t<\/section>\n\t\t\t\t<section class=\"elementor-section elementor-top-section elementor-element elementor-element-e435c4c elementor-section-boxed elementor-section-height-default elementor-section-height-default\" data-id=\"e435c4c\" data-element_type=\"section\" data-e-type=\"section\">\n\t\t\t\t\t\t<div class=\"elementor-container elementor-column-gap-default\">\n\t\t\t\t\t<div class=\"elementor-column elementor-col-100 elementor-top-column elementor-element elementor-element-d01eb33\" data-id=\"d01eb33\" data-element_type=\"column\" data-e-type=\"column\">\n\t\t\t<div class=\"elementor-widget-wrap elementor-element-populated\">\n\t\t\t\t\t\t<div class=\"elementor-element elementor-element-047c979 elementor-widget elementor-widget-text-editor\" data-id=\"047c979\" data-element_type=\"widget\" data-e-type=\"widget\" data-widget_type=\"text-editor.default\">\n\t\t\t\t<div class=\"elementor-widget-container\">\n\t\t\t\t\t\t\t\t\t<p>Allgemeines<\/p><p>Der Schutz Ihrer pers\u00f6nlichen Daten ist uns sehr wichtig. Wir bitten Sie deswegen, die nachfolgende Datenschutzerkl\u00e4rung sorgf\u00e4ltig zu lesen und sich so \u00fcber Ihre Rechte zu informieren.<br \/>Ziel dieser Erkl\u00e4rung ist es, Sie dar\u00fcber zu informieren, zu welchem Zweck und in welchem Umfang Ihre pers\u00f6nlichen Daten verarbeitet werden, wenn sie unsere Webseite nutzen. F\u00fcr weitere Fragen steht Ihnen der Verantwortliche jederzeit zur Verf\u00fcgung.<br \/>Diese Website nutzt aus Sicherheitsgr\u00fcnden und zum Schutz der \u00dcbertragung personenbezogener Daten und anderer vertraulicher Inhalte (z.B. Bestellungen oder Anfragen an den Verantwortlichen) eine SSL-bzw. TLS-Verschl\u00fcsselung. Sie k\u00f6nnen eine verschl\u00fcsselte Verbindung an der Zeichenfolge \u201ehttps:\/\/\u201c und dem Schloss-Symbol in Ihrer Browserzeile erkennen.<br \/><br \/>Name und Anschrift des f\u00fcr die Verarbeitung Verantwortlichen<\/p><p>(1) Verantwortlicher im Sinne der Datenschutz-Grundverordnung (im Folgenden: DS-GVO), sonstiger in den Mitgliedstaaten der Europ\u00e4ischen Union geltenden Datenschutzgesetze und anderer Bestimmungen mit datenschutzrechtlichem Charakter ist das:<br \/><br \/><\/p><p>AT-STAGE EVENT<br \/>Niklas H\u00f6ltgebaum<\/p><p>Am Buchenbrink 18<br \/>31061 Alfeld (Leine)<\/p><p>Email info@at-stage.de<\/p><p>\u00a0<\/p><p>Ihre Rechte<\/p><p>(1) Nach den anwendbaren Gesetzen haben Sie verschiedene Rechte bez\u00fcglich Ihrer personenbezogenen Daten.<br \/>\u2013 Recht auf Best\u00e4tigung und Auskunft<br \/>\u2013 Recht auf Berichtigung<br \/>\u2013 Recht auf L\u00f6schung (\u201eRecht auf Vergessenwerden\u201c)<br \/>\u2013 Recht auf Einschr\u00e4nkung der Verarbeitung<br \/>\u2013 Recht auf Daten\u00fcbertragbarkeit<br \/>\u2013 Recht auf Widerspruch<br \/>\u2013 Recht auf Widerruf einer datenschutzrechtlichen Einwilligung<\/p><p>M\u00f6chten Sie diese Rechte geltend machen, so richten Sie Ihre Anfrage bitte per E-Mail oder per Post unter eindeutiger Identifizierung Ihrer Person an die oben genannte Adresse.<\/p><p>(2) Sie haben zudem das Recht, sich bei einer Datenschutz-Aufsichtsbeh\u00f6rde \u00fcber die Verarbeitung Ihrer personenbezogenen Daten bei uns zu beschweren.<br \/><br \/>Erhebung personenbezogener Daten bei Besuch unserer Webseite<\/p><p>(1) Bei der blo\u00df informatorischen Nutzung unserer Webseite, also wenn Sie sich nicht registrieren oder uns anderweitig Informationen \u00fcbermitteln, erheben wir nur die personenbezogenen Daten, die Ihr Browser an unseren Server \u00fcbermittelt. Wenn Sie unsere Webseite betrachten m\u00f6chten, erheben wir die folgenden Daten, die f\u00fcr uns technisch erforderlich sind, um Ihnen unsere Webseite anzuzeigen und die Stabilit\u00e4t, Funktionalit\u00e4t und Sicherheit unserer Webseite zu gew\u00e4hrleisten:<\/p><p>\u2013 unsere besuchte Webseite<br \/>\u2013 verwendete IP-Adresse<br \/>\u2013 Datum und Uhrzeit des Zugriffs<br \/>\u2013 Zeitzonendifferenz zur Greenwich Mean Time (GMT)<br \/>\u2013 Zugriffsstatus \/ HTTP-Statuscode<br \/>\u2013 jeweils \u00fcbertragene Datenmenge in Byte<br \/>\u2013 Webseite, von welcher Sie auf die Seite gelangten (Quelle\/Verweis)<br \/>\u2013 verwendeter Browser<br \/>\u2013 verwendetes Betriebssystem und dessen Oberfl\u00e4che<br \/>\u2013 Sprache und Version der Browsersoftware.<\/p><p>(2) Rechtsgrundlage ist unser berechtigtes Interesse an der Gew\u00e4hrleistung eines reibungslosen Verbindungsaufbaus und einer komfortablen Nutzung der Webseite sowie an der M\u00f6glichkeit, Systemsicherheit und -stabilit\u00e4t auszuwerten und weitere administrative Zwecke zu verfolgen gem. Art. 6 Abs. 1 S. 1 lit. f DS-GVO.<br \/><br \/>(3) Eine Weitergabe oder anderweitige Verwendung der Daten findet nicht statt.<br \/><br \/>Datenverarbeitung durch die Nutzung unserer Website mit Cookies<\/p><p>(1) Wie viele andere Webseiten verwenden auch wir sogenannte \u201eCookies\u201c. Bei Cookies handelt es sich um kleine Textdateien, die auf Ihrer Festplatte dem von Ihnen verwendeten Browser zugeordnet gespeichert werden und durch welche der Stelle, die den Cookie setzt (hier durch uns), bestimmte Informationen zuflie\u00dfen. Cookies k\u00f6nnen keine Programme ausf\u00fchren oder Viren auf Ihren Computer \u00fcbertragen. Sie dienen dazu, das Internetangebot insgesamt nutzerfreundlicher und effektiver zu machen und die Nutzung bestimmter Funktionen zu erm\u00f6glichen. Bei der Nutzung dieser allgemeinen Daten und Informationen ziehen wir keine R\u00fcckschl\u00fcsse auf die betroffene Person. Diese Informationen werden vielmehr ben\u00f6tigt, um die Inhalte unserer Internetseite korrekt auszuliefern. Diese Daten und Informationen werden durch uns daher einerseits statistisch und ferner mit dem Ziel ausgewertet, den Datenschutz und die Datensicherheit in unserem Unternehmen zu erh\u00f6hen, um letztlich ein optimales Schutzniveau f\u00fcr die von uns verarbeiteten personenbezogenen Daten sicherzustellen. Sofern durch einzelne von uns implementierte Cookies auch personenbezogene Daten verarbeitet werden, erfolgt die Verarbeitung gem. Art. 6 Abs. 1 lit. f DS-GVO aufgrund unseres berechtigten Interesses an der statistischen Erfassung und Auswertung unserer Webseite sowie an der Zurverf\u00fcgungstellung eines attraktiven Webangebots f\u00fcr Sie.<br \/><br \/>(2) Diese Webseite nutzt folgende Arten von Cookies, deren Umfang und Funktionsweise im Folgenden erl\u00e4utert werden:<br \/>\u2013 Transiente Cookies (s. a)<br \/>\u2013 Persistente Cookies (s. b)<br \/>\u2013 Flash-Cookies (s. c)<\/p><p>a) Transiente Cookies werden automatisch gel\u00f6scht, wenn Sie dem Browser schlie\u00dfen. Dazu z\u00e4hlen insbesondere die Session-Cookies. Diese speichern eine sogenannte Session-ID, mit welcher sich verschiedene Anfragen Ihres Browsers der gemeinsamen Sitzung zuordnen lassen. Dadurch kann Ihr Rechner wiedererkannt werden, wenn Sie auf unsere Webseite zur\u00fcckkehren. Die Session-Cookies werden gel\u00f6scht, wenn Sie sich ausloggen oder den Browser schlie\u00dfen.<br \/><br \/>b) Persistente Cookies werden automatisiert nach einer vorgegebenen Dauer gel\u00f6scht, die sich je nach Cookie unterscheiden kann. Diese Cookies verbleiben auf Ihrem Endger\u00e4t und erm\u00f6glichen uns oder unseren Partnerunternehmen (Cookies von Drittanbietern), Ihren Browser beim n\u00e4chsten Besuch wiederzuerkennen. Sie k\u00f6nnen die Cookies in den Browsereinstellungen Ihres Browsers jederzeit l\u00f6schen.<\/p><p>c) Die genutzten Flash-Cookies werden nicht durch Ihren Browser erfasst, sondern durch Ihr Flash-Plug-in. Ebenso werden auf ihrem Endger\u00e4t HTML5 storage objects abgelegt Diese Objekte speichern die erforderlichen Daten unabh\u00e4ngig von Ihrem verwendeten Browser und haben kein automatisches Ablaufdatum. Wenn Sie keine Verarbeitung der Flash-Cookies w\u00fcnschen, m\u00fcssen Sie ein entsprechendes Add-On installieren, z. B. \u201eBetter Privacy\u201c f\u00fcr Mozilla Firefox (https:\/\/addons.mozilla.org\/de\/firefox\/addon\/betterprivacy\/) oder das Adobe-Flash-Killer-Cookie f\u00fcr Google Chrome.<br \/>Die Nutzung von HTML5 storage objects k\u00f6nnen Sie verhindern, indem Sie in Ihrem Browser den privaten Modus einsetzen. Zudem empfehlen wir, regelm\u00e4\u00dfig Ihre Cookies und den Browser-Verlauf manuell zu l\u00f6schen.<br \/><br \/>Vertragsverh\u00e4ltnis<\/p><p>(1) Personenbezogene Daten werden von uns zudem erhoben, wenn Sie uns diese im Rahmen der Erf\u00fcllung und Abwicklung des Vertragsverh\u00e4ltnisses mit uns freiwillig mitteilen. In der Regel handelt es sich um folgende Daten: Name, Anschrift, Telefonnummer . Wir verwenden die von Ihnen mitgeteilten Daten ohne Ihre gesonderte Einwilligung ausschlie\u00dflich zur Erf\u00fcllung und Abwicklung des Vertrags mit uns. Rechtsgrundlage hierf\u00fcr ist Art. 6 Abs. 1 lit. b DS-GVO.<br \/><br \/>(2) Mit vollst\u00e4ndiger Abwicklung des Vertragsverh\u00e4ltnisses werden Ihre Daten nach Ablauf der steuer- und handelsrechtlichen Aufbewahrungsfristen gel\u00f6scht, sofern Sie nicht ausdr\u00fccklich in die weitere Nutzung Ihrer Daten eingewilligt haben. Es erfolgt zu keinem Zeitpunkt eine Weitergabe Ihrer Daten an Dritte, sofern dies nicht zur Vertragsdurchf\u00fchrung erforderlich oder gesetzlich vorgeschrieben ist, beziehungsweise Sie uns hierzu ausdr\u00fccklich Ihre Einwilligung erteilt haben.<br \/><br \/>Kontaktformular<\/p><p>(1) Wenn Sie uns Anfragen \u00fcber unser Kontaktformular oder via E-Mail zukommen lassen, werden Ihre Angaben zwecks Bearbeitung der Anfrage und f\u00fcr den Fall von Anschlussfragen bei uns gespeichert. Erforderlich ist dabei die Angabe Ihres Namens sowie einer E-Mail-Adresse. Die Angabe einer Telefonnummer und weiterer Daten ist freiwillig und dient der erleichterten Kontaktaufnahme sowie dazu, Sie pers\u00f6nlich ansprechen zu k\u00f6nnen. Diese Daten werden ausschlie\u00dflich zum Zweck der Beantwortung Ihres Anliegens bzw. f\u00fcr die Kontaktaufnahme und die damit verbundene technische Administration gespeichert und verwendet. Rechtsgrundlage f\u00fcr die Verarbeitung der Daten ist unser berechtigtes Interesse an der Beantwortung Ihres Anliegens gem\u00e4\u00df Art. 6 Abs. 1 lit. f DS-GVO.<br \/><br \/>(2) Ihre Daten werden nach abschlie\u00dfender Bearbeitung Ihrer Anfrage gel\u00f6scht, dies ist der Fall, wenn sich aus den Umst\u00e4nden entnehmen l\u00e4sst, dass der betroffene Sachverhalt abschlie\u00dfend gekl\u00e4rt ist und sofern keine gesetzlichen Aufbewahrungspflichten entgegenstehen.<br \/><br \/>Newsletter<\/p><p>(1) Wir bieten Ihnen auf unserer Webseite die M\u00f6glichkeit, unseren Newsletter zu abonnieren, hierf\u00fcr werden Sie bei der Bestellung des Newsletters um Ihre Einwilligung gebeten. Mit diesem Newsletter informieren wir in regelm\u00e4\u00dfigen Abst\u00e4nden \u00fcber aktuelle und interessante Informationen zu Themen rund um unser Tanzstudio..<br \/><br \/>(2) Um unseren Newsletter empfangen zu k\u00f6nnen, ben\u00f6tigen Sie eine g\u00fcltige E-Mailadresse. [Die Angabe weiterer, gesondert markierter Daten ist freiwillig und wird verwendet, um Sie pers\u00f6nlich ansprechen zu k\u00f6nnen.] Die von Ihnen eingetragene E-Mail-Adresse werden wir dahingehend \u00fcberpr\u00fcfen, ob Sie tats\u00e4chlich der Inhaber der angegebenen E-Mail-Adresse sind bzw. deren Inhaber den Empfang des Newsletters autorisiert hat. Dies erfolgt mittels des sogenannten Double-opt-in-Verfahrens. Das hei\u00dft, dass wir Ihnen nach Ihrer Anmeldung eine E-Mail an die von Ihnen angegebene E-Mail-Adresse senden, in welcher wir Sie um Best\u00e4tigung bitten, dass Sie den Versand des Newsletters w\u00fcnschen. Wenn Sie Ihre Anmeldung nicht innerhalb von 24 Stunden best\u00e4tigen, werden Ihre Informationen gesperrt und nach einem Monat automatisch gel\u00f6scht.<br \/><br \/>(3) Dar\u00fcber hinaus speichern wir jeweils Ihre eingesetzten IP-Adressen und Zeitpunkte der Anmeldung und Best\u00e4tigung. Nach Ihrer Best\u00e4tigung speichern wir Ihre E-Mail-Adresse [sowie die weiteren angegebenen Daten] zum Zweck der Zusendung des Newsletters. Rechtsgrundlage ist Art. 6 Abs. 1 S. 1 lit. a DS-GVO.<br \/><br \/>(4) Der Versand der Newsletter erfolgt mittels \u201e1und1 Marketing Plus\u201c, einer Newsletterversandplattform. Die Firma 1und1 hat Ihren Sitz in Deutschland in Montabaur. Die E-Mail-Adressen unserer Newsletterempf\u00e4nger, als auch deren weitere, im Rahmen dieser Hinweise beschriebenen Daten, werden auf den Servern von 1und1 in Deutschland gespeichert. 1und1 verwendet diese Informationen zum Versand und zur Auswertung der Newsletter in unserem Auftrag.<br \/>1und1 nutzt die Daten unserer Newsletterempf\u00e4nger jedoch nicht, um diese selbst anzuschreiben oder an Dritte weiterzugeben. Wir vertrauen auf die Zuverl\u00e4ssigkeit und die IT- sowie Datensicherheit von 1und1. Des Weiteren haben wir mit 1und1 einen Auftragsverarbeitungsvertrag abgeschlossen. Dabei handelt es sich um einen Vertrag, in dem sich 1und1 dazu verpflichtet, die Daten unserer Nutzer zu sch\u00fctzen, entsprechend dessen Datenschutzbestimmungen in unserem Auftrag zu verarbeiten und insbesondere nicht an Dritte weiter zu geben.<br \/><br \/>(5) Ihre Einwilligung in die \u00dcbersendung des Newsletters k\u00f6nnen Sie jederzeit widerrufen und den Newsletter<br \/>abbestellen. Den Widerruf k\u00f6nnen Sie durch Klick auf den in jeder Newsletter-E-Mail bereitgestellten Link, per E-Mail an info@tanzstudio-pattke.de oder durch eine Nachricht an die im Impressum angegebenen Kontaktdaten erkl\u00e4ren.<br \/><br \/>Bildergalerien<\/p><p>Wir zeigen auf unserer Webseite Bildergalerien, in denen Bilder von Tanzkursen und Events zu sehen sind, um unser Webangebot interessanter zu gestalten und Kursteilnehmern die M\u00f6glichkeit zu geben, eigene Bilder anzusehen.<br \/>Bevor wir Bilder von Ihnen aufnehmen und auf unserer Webseite zeigen, holen wir hierf\u00fcr Ihre schriftliche Einwilligung ein, die Sie jederzeit widerrufen k\u00f6nnen. Rechtsgrundlage hierf\u00fcr ist Art. 6 Abs. 1 lit. a DS-GVO.<br \/><br \/>Einbindung von Google Maps<\/p><p>(1) Wir setzen auf unserer Seite die Komponente \u201eGoogle Maps\u201c der Firma Google Inc. (1600 Amphitheatre Parkway, Mountain View, CA 94043 USA, nachfolgend \u201eGoogle\u201c) ein, um geographische Informationen visuell darzustellen. Durch den Besuch auf der Website erh\u00e4lt Google die Information, dass Sie die entsprechende Unterseite unserer Website aufgerufen haben. Zudem werden die technisch erforderliche Daten: Name und URL der abgerufenen Datei, Datum und Uhrzeit des Abrufs, \u00fcbertragene Datenmenge, Meldung \u00fcber erfolgreichen Abruf (HTTP response code), Browsertyp und Browserversion, Betriebssystem, Referrer URL (d.h. die zuvor besuchte Seite), IP-Adresse und der anfragende Provider \u00fcbermittelt. Dies erfolgt unabh\u00e4ngig davon, ob Google ein Nutzerkonto bereitstellt, \u00fcber das Sie eingeloggt sind, oder ob kein Nutzerkonto besteht.<br \/><br \/>(2) Google LLC mit Sitz in den USA ist f\u00fcr das US -europ\u00e4ische Datenschutz\u00fcbereinkommen \u201ePrivacy Shield\u201c zertifiziert, welches die Einhaltung des in der EU geltenden Datenschutzniveaus gew\u00e4hrleistet. Wenn Sie mit der k\u00fcnftigen \u00dcbermittlung Ihrer Daten an Google im Rahmen der Nutzung von Google Maps nicht einverstanden sind, besteht auch die M\u00f6glichkeit, den Webdienst von Google Maps vollst\u00e4ndig zu deaktivieren, indem Sie die Anwendung JavaScript in Ihrem Browser ausschalten. Google Maps und damit auch die Kartenanzeige auf dieser Internetseite kann dann nicht genutzt werden.<br \/><br \/>(3) Die Nutzungsbedingungen von Google k\u00f6nnen Sie unter http:\/\/www.google.de\/intl\/de\/policies\/terms\/regional.html einsehen, die zus\u00e4tzlichen Nutzungsbedingungen f\u00fcr Google Maps finden Sie unter https:\/\/www.google.com\/intl\/de_US\/help\/terms_maps.html<br \/>Ausf\u00fchrliche Informationen zum Datenschutz im Zusammenhang mit der Verwendung von Google Maps finden Sie auf der Internetseite von Google (\u201eGoogle Privacy Policy\u201c): http:\/\/www.google.de\/intl\/de\/policies\/privacy\/<br \/><br \/>Web Analyse Programme<\/p><p>Einsatz von Google Analytics<\/p><p>(1) Diese Website nutzt Google Analytics, einen Webanalysedienst der Google Inc. (1600 Amphitheater Parkway, Mountainview, California 94043, USA (\u201eGoogle\u201c)). Google Analytics verwendet sog. \u201eCookies\u201c, Textdateien, die auf Ihrem Computer gespeichert werden und die eine Analyse der Benutzung der Website durch Sie erm\u00f6glichen. Die durch den Cookie erzeugten Informationen \u00fcber Ihre Benutzung dieser Website werden in der Regel an einen Server von Google in den USA \u00fcbertragen und dort gespeichert. Rechtsgrundlage f\u00fcr die Nutzung von Google Analytics ist Art. 6 Abs. 1 S. 1 lit. f DS-GVO.<br \/><br \/>(2) Da wir die IP-Anonymisierung auf dieser Webseite aktiviert haben, wird Ihre IP-Adresse von Google jedoch innerhalb von Mitgliedstaaten der Europ\u00e4ischen Union oder in anderen Vertragsstaaten des Abkommens \u00fcber den Europ\u00e4ischen Wirtschaftsraum zuvor gek\u00fcrzt. Nur in Ausnahmef\u00e4llen wird die volle IP-Adresse an einen Server von Google in den USA \u00fcbertragen und dort gek\u00fcrzt. In unserem Auftrag wird Google diese Informationen benutzen, um Ihre Nutzung der Website auszuwerten, um Reports \u00fcber die Websiteaktivit\u00e4ten zusammenzustellen und um weitere mit der Websitenutzung und der Internetnutzung verbundene Dienstleistungen uns gegen\u00fcber zu erbringen. Die im Rahmen von Google Analytics von Ihrem Browser \u00fcbermittelte IP-Adresse wird nicht mit anderen Daten von Google zusammengef\u00fchrt.<br \/><br \/>Online-Werbung<\/p><p>Einsatz von Google AdWords Conversion<br \/><br \/>(1) Wir setzen zur Bewerbung unserer Website ferner das Google Werbetool \u201eGoogle-Adwords\u201c ein. Im Rahmen dessen verwenden wir auf unserer Website den Analysedienst \u201eConversion-Tracking\u201c der Firma Google Inc., 1600 Amphitheatre Parkway, Mountain View, CA 94043 USA, nachfolgend \u201eGoogle\u201c. Sofern Sie \u00fcber eine Google-Anzeige auf unsere Webseite gelangt sind, wird ein Cookie auf Ihrem Rechner abgelegt. Diese sog. \u201eConversion- Cookies\u201c verlieren nach 30 Tagen ihre G\u00fcltigkeit und dienen nicht Ihrer pers\u00f6nlichen Identifikation. Besuchen Sie bestimmte Seiten unserer Website und das Cookie ist noch nicht abgelaufen, k\u00f6nnen wir und Google erkennen, dass Sie als Nutzer auf eine unserer bei Google platzierten Anzeigen geklickt haben und zu unserer Seite weitergeleitet wurden.<br \/><br \/>(2) Die mit Hilfe der \u201eConversion-Cookies\u201c eingeholten Informationen dienen Google dazu, Besuchs-Statistiken f\u00fcr unsere Website zu erstellen. Wir erfahren durch diese Statistik die Gesamtanzahl der Nutzer, die auf unsere Anzeige geklickt haben und zudem welche Seiten unserer Website vom jeweiligen Nutzer im Anschluss aufgerufen wurden. Wir bzw. andere \u00fcber \u201eGoogle-Adwords\u201c Werbende erhalten jedoch keinerlei Informationen, mit denen sich Nutzer pers\u00f6nlich identifizieren lassen. Rechtsgrundlage f\u00fcr die Nutzung von Google AdWords Conversion ist Art. 6 Abs. 1 S. 1 lit. f DSGVO.<br \/><br \/>(3) Weitere Informationen zum Datenschutz bei Google finden Sie hier: http:\/\/www.google.com\/intl\/de\/policies\/privacy und https:\/\/services.google.com\/sitestats\/de.html. Alternativ k\u00f6nnen Sie die Webseite der Network Advertising Initiative (NAI) unter http:\/\/www.networkadvertising.org besuchen. Google mit Sitz in den USA ist f\u00fcr das US-europ\u00e4ische Datenschutz\u00fcbereinkommen \u201ePrivacy Shield\u201c zertifiziert, welches die Einhaltung des in der EU geltenden Datenschutzniveaus gew\u00e4hrleistet, https:\/\/www.privacyshield.gov\/EU-US-Framework.<br \/><br \/>\u00c4nderung unserer Datenschutzerkl\u00e4rung<br \/><br \/>Wir behalten uns vor, diese Datenschutzerkl\u00e4rung anzupassen, damit sie stets den aktuellen rechtlichen Anforderungen entspricht oder um \u00c4nderungen unserer Leistungen in der Datenschutzerkl\u00e4rung umzusetzen, z.B. bei der Einf\u00fchrung neuer Services. F\u00fcr Ihren erneuten Besuch gilt dann die neue Datenschutzerkl\u00e4rung.<br \/><br \/>Widerspruch und Widerruf gegen die Verarbeitung Ihrer Daten<\/p><p>(1) Sofern Sie in eine Datenverarbeitung Ihrer Daten eingewilligt haben, besteht dauerhaft die M\u00f6glichkeit diese Verarbeitung f\u00fcr die Zukunft zu widerrufen. Dadurch werden Ihre Daten nicht mehr f\u00fcr den eingewilligten Zweck verarbeitet.<br \/><br \/>(2) Falls Ihre Daten aufgrund einer Interessenabw\u00e4gung nach der Rechtsgrundlage Art. 6 Abs. 1 S. 1 lit. e oder f DS-GVO verarbeitet werden, k\u00f6nnen Sie dieser widersprechen, sofern Sie besondere Gr\u00fcnde gegen eine Verarbeitung der Daten vorbringen.<br \/><br \/>(3) Ebenso haben Sie die M\u00f6glichkeit gegen die Verarbeitung Ihrer Daten zum Zweck der Direktwerbung zu widersprechen. Somit werden Ihre Daten nicht mehr f\u00fcr den Zweck der Direktwerbung verarbeitet.<br \/><br \/>Diese Datenschutzerkl\u00e4rung wurde f\u00fcr uns von der Media Kanzlei Frankfurt I Hamburg erstellt.<br \/>http:\/\/media-kanzlei-frankfurt.de\/<\/p>\t\t\t\t\t\t\t\t<\/div>\n\t\t\t\t<\/div>\n\t\t\t\t\t<\/div>\n\t\t<\/div>\n\t\t\t\t\t<\/div>\n\t\t<\/section>\n\t\t\t\t<\/div>\n\t\t","protected":false},"excerpt":{"rendered":"<p>DATENSCHUTZERKL\u00c4RUNG Allgemeines Der Schutz Ihrer pers\u00f6nlichen Daten ist uns sehr wichtig. Wir bitten Sie deswegen, die nachfolgende Datenschutzerkl\u00e4rung sorgf\u00e4ltig zu lesen und sich so \u00fcber Ihre Rechte zu informieren.Ziel dieser Erkl\u00e4rung ist es, Sie dar\u00fcber zu informieren, zu welchem Zweck und in welchem Umfang Ihre pers\u00f6nlichen Daten verarbeitet werden, wenn sie unsere Webseite nutzen. F\u00fcr &hellip; <\/p>\n<p class=\"link-more\"><a href=\"https:\/\/at-stage.de\/?page_id=243\" class=\"more-link\"><span class=\"screen-reader-text\">\u201eDATENSCHUTZERKL\u00c4RUNG\u201c <\/span>weiterlesen<\/a><\/p>\n","protected":false},"author":1,"featured_media":0,"parent":0,"menu_order":0,"comment_status":"closed","ping_status":"closed","template":"elementor_canvas","meta":{"footnotes":""},"class_list":["post-243","page","type-page","status-publish","hentry"],"_links":{"self":[{"href":"https:\/\/at-stage.de\/index.php?rest_route=\/wp\/v2\/pages\/243","targetHints":{"allow":["GET"]}}],"collection":[{"href":"https:\/\/at-stage.de\/index.php?rest_route=\/wp\/v2\/pages"}],"about":[{"href":"https:\/\/at-stage.de\/index.php?rest_route=\/wp\/v2\/types\/page"}],"author":[{"embeddable":true,"href":"https:\/\/at-stage.de\/index.php?rest_route=\/wp\/v2\/users\/1"}],"replies":[{"embeddable":true,"href":"https:\/\/at-stage.de\/index.php?rest_route=%2Fwp%2Fv2%2Fcomments&post=243"}],"version-history":[{"count":11,"href":"https:\/\/at-stage.de\/index.php?rest_route=\/wp\/v2\/pages\/243\/revisions"}],"predecessor-version":[{"id":256,"href":"https:\/\/at-stage.de\/index.php?rest_route=\/wp\/v2\/pages\/243\/revisions\/256"}],"wp:attachment":[{"href":"https:\/\/at-stage.de\/index.php?rest_route=%2Fwp%2Fv2%2Fmedia&parent=243"}],"curies":[{"name":"wp","href":"https:\/\/api.w.org\/{rel}","templated":true}]}}